{"id":2,"date":"2016-05-10T03:48:21","date_gmt":"2016-05-10T03:48:21","guid":{"rendered":"http:\/\/tim-elzer.de\/?page_id=2"},"modified":"2026-01-27T07:24:43","modified_gmt":"2026-01-27T07:24:43","slug":"sample-page","status":"publish","type":"page","link":"https:\/\/www.tim-elzer.de\/?page_id=2","title":{"rendered":"work"},"content":{"rendered":"\n<p><strong>\/ Tongestaltung &amp; Mischung (5.1)<\/strong><br>DIE STATIK DER TR\u00c4UME<br>Filippa Bauer, Dokumentarfilm, D 2023, 87&#8242;, Blinker Filmproduktion\/ ZDF\/ Arte<\/p>\n\n\n\n<p><em>Hofer Filmtage 2024<br>Stranger Than Fiction 2025<\/em><\/p>\n\n\n\n<p><strong>\/ Tongestaltung &amp; Mischung (2.0)<\/strong><br>2052 \u2013 NACHRICHTEN AUS DER ZUKUNFT<br>Erica von Moeller, Spielfilm, D 2023, 40&#8242;, Von Moeller Filmproduktion<\/p>\n\n\n\n<p><strong>\/ Tongestaltung &amp; Mischung (5.1)<\/strong><br><a href=\"https:\/\/www.imdb.com\/title\/tt30819547\/?language=de-de\" target=\"_blank\" rel=\"noopener\">SILENT IN THE SNOW<\/a><br>Stephan Ganoff, Spielfilm, BUL 2023, 24&#8242;, Prodeka \u043f\u0440\u043e\u0438\u0437\u0432\u043e\u0434\u0441\u0442\u0432\u043e<\/p>\n\n\n\n<p><em>Golden Rose Award 2023 for Best Short Film \/ Bulgarian Feature Film Festival<\/em><\/p>\n\n\n\n<p><strong>\/ Tongestaltung (5.1)<\/strong><br><a href=\"http:\/\/www.heinzenziob.de\/dancing-pina\/\" target=\"_blank\" rel=\"noopener\">DANCING PINA<\/a><br>Florian Heinzen-Ziob, Dokumentarfilm, D 2022, 111&#8242;, Font.ne Film<\/p>\n\n\n\n<p><em>Dok.fest Mu\u0308nchen, VIFF International Selection, doclisboa international film festival 2022, (a.o.)<\/em><br><em>Free Zone Human Rights Film Festival Belgrad AUDIENCE AWARD 2022<\/em><\/p>\n\n\n\n<p><strong>\/ Tongestaltung (5.1), zus\u00e4tzliche Tonaufnahmen beim Dreh (5.0 atmo\/ambiance)<\/strong><br><a href=\"https:\/\/francescabertin.com\/Tara\" target=\"_blank\" rel=\"noopener\">TARA<\/a><br>Francesca Bertin &amp; Volker Sattel, Dokumentarfilm, D 2022, 86&#8242;, Sattel &amp; Bertin, cinemalovers<\/p>\n\n\n\n<p><em>Visions Du R.el 2022<\/em><br><em>Er\u00f6ffnungsfilm Duisburger Filmtage 2022<\/em><\/p>\n\n\n\n<p><strong>\/ Tongestaltung &amp; Mischung (5.1)<\/strong><br><a href=\"https:\/\/www.khm.de\/studentische_arbeiten\/id.30358.ladies-only\/\" target=\"_blank\" rel=\"noopener\">LADIES ONLY<\/a><br>Rebana L. John, Dokumentarfilm, D 2021, 90&#8242;, Kunsthochschule fu\u0308r Medien K.ln<\/p>\n\n\n\n<p>Busan International Film Festival 2021<br>Preistr\u00e4ger Perspektive Deutsches Kino, Berlinale 2022<\/p>\n\n\n\n<p><strong>\/ Tongestaltung 5.1 (Atmovertonung)<\/strong><br><a href=\"https:\/\/www.filmportal.de\/film\/mary-bauermeister-eins-und-eins-ist-drei_d0fdb8449a2348e4ab55560bdb158399\" target=\"_blank\" rel=\"noopener\">MARY BAUERMEISTER \u2013 eins und eins ist drei<\/a><br>Carmen Belaschk, Dokumentarfilm, D 2020, 102&#8242;, Accentus\/ WDR\/ Paul Smaczny<\/p>\n\n\n\n<p><em>DOK.fest Mu\u0308nchen 2021<\/em><\/p>\n\n\n\n<p><strong>\/ Tongestaltung (5.1)<\/strong><br><a href=\"http:\/\/www.heinzenziob.de\/menschein-heisst-lesen\/\" target=\"_blank\" rel=\"noopener\">MENSCHSEIN HEISST LESEN<\/a><br>Florian Heinzen-Ziob, Dokumentarfilm, D 2019, 24&#8242;, Font.ne Film<\/p>\n\n\n\n<p><strong>\/ Tongestaltung (5.1)<\/strong><br><a href=\"https:\/\/mindjazz-pictures.de\/filme\/das-wunder-von-taipeh\/\" target=\"_blank\" rel=\"noopener\">DAS WUNDER VON TAIPEH<\/a><br>John D. Seidler, Dokumentarfilm, D 2019, 104&#8242;, Corso Film\/ 3sat\/ WDR<\/p>\n\n\n\n<p><em>Internationale Hofer Filmtage, Dokumentarfilmpreis Filmfest Lu\u0308nen 2019<\/em><br><em>Nominiert fu\u0308r Deutschen Dokumentarfilmpreis 2020<\/em><br><em>Yokohama Football Film Festival 2021 Jury-Preis<\/em><\/p>\n\n\n\n<p><strong>\/ Tongestaltung (5.1)<\/strong><br><a href=\"http:\/\/www.corsofilm.com\/film\/bruderliebe.php\" target=\"_blank\" rel=\"noopener\">BRUDERLIEBE<\/a><b><br><\/b>Julia Horn, Dokumentarfilm, D 2018, 104&#8242;, Corso Film\/ ZDF\/ Arte<\/p>\n\n\n\n<p><strong>\/ Tongestaltung &amp; Mischung (5.1)<\/strong><br><a href=\"http:\/\/insearch.magoko.net\/\" target=\"_blank\" rel=\"noopener\">IN SEARCH<\/a><b><br><\/b>Beryl Magoko &amp; Jule Katinka Cramer, Dokumentarfilm, D 2018, 90&#8242;, KHM K\u00f6ln<\/p>\n\n\n\n<p><em>u.a.<br>DOK Leipzig 2018, **Audience Award Leipziger Ring**<\/em><br><em>IDFA, Amsterdam 2018 **IDFA Award For Best Student Documentary**<br>FIFDH, Geneva 2018<br>Frauenfilmfestival Dortmund | K\u00f6ln, 2019<br><\/em><\/p>\n\n\n\n<p><strong>\/ Tongestaltung &amp; Mischung (5.1)<\/strong><br><a href=\"https:\/\/festival.shortfilm.com\/no_cache\/programm-2018\/filmsuche\/film\/?tx_immoviedb_pi1%5Bswords%5D=Il%20Giardino&amp;tx_immoviedb_pi1%5Bmovie%5D=28512&amp;tx_immoviedb_pi1%5BbackPid%5D=4502\" target=\"_blank\" rel=\"noopener\">IL GIARDINO<\/a><b><br><\/b>Francesca Bertin, Dokumentarfilm, D\/I 2018, 20&#8242;, F. Bertin<\/p>\n\n\n\n<p><em>DOK.fest M\u00fcnchen 2018<\/em><br><em>Internationales Kurzfilm Festival Hamburg 2018<\/em><\/p>\n\n\n\n<p><strong>\/ Tongestaltung &amp; Mischung (2.0)<\/strong><br><a href=\"https:\/\/vimeo.com\/274470405\" target=\"_blank\" rel=\"noopener\">THE TRANSFIGURATION \/ \u041f\u0440\u0435\u043e\u0431\u0440\u0430\u0436\u0435\u043d\u0438\u0435<\/a><b><br><\/b>Stephan Ganoff, Spielfilm\/ Filmessay, BUL 2017, 21&#8242;, Prodeka<\/p>\n\n\n\n<p><em>SIFF 2018, **Winner Best Bulgarian Short**<\/em><br><em>Queer Lisboa 2018, Official Selection<\/em><\/p>\n\n\n\n<p><strong>\/ Tongestaltung &amp; Mischung (5.1)<\/strong><br><a href=\"https:\/\/www.fbw-filmbewertung.com\/film\/das_projekt\" target=\"_blank\" rel=\"noopener\">DAS PROJEKT <\/a><b><br><\/b>Daniel Gr\u00e4bner, Dokumentarfilm, D 2017, 15&#8242;, D. Gr\u00e4bner<\/p>\n\n\n\n<p><em>Tampere Film Festival 2018<\/em><br><em>Stranger Than Fiction, Dokumentarfilmfest 2019<\/em><\/p>\n\n\n\n<p><strong>\/ Tongestaltung (5.1)<\/strong><br><a href=\"http:\/\/www.klassedeutsch.de\/\" target=\"_blank\" rel=\"noopener\">KLASSE DEUTSCH <\/a><b><br><\/b>Florian Heinzen-Ziob, Dokumentarfilm, D 2018, 89&#8242;, Polyphem Filmproduktion<\/p>\n\n\n\n<p><em>SHEFFIELD DOC\/FEST 2018<\/em><br><em>29. Kinofest L\u00fcnen, **Hauptpreis L\u00dcDIA** &amp; **Sch\u00fclerfilmpreis 16+**<\/em><\/p>\n\n\n\n<p><strong>\/ Tongestaltung (5.1)<\/strong><br><a href=\"https:\/\/www.berlinale.de\/de\/2018\/programm\/201814971.html\" target=\"_blank\" rel=\"noopener\">DRAUSSEN<\/a> <b><br><\/b>Johanna Sunder-Plassmann &amp; Tama Tobias-Macht, Dokumentarfilm, D 2018, 80&#8242;, unafilm<\/p>\n\n\n\n<p><em>66. Berlinale, Perspektive Deutsches Kino<\/em><br><em>35. Kasseler Dokfest<\/em><br><em>Vorauswahl Deutscher Filmpreis 2019<\/em><\/p>\n\n\n\n<p><strong>\/ Tongestaltung (nur Atmo-Vertonung) (2.0)<\/strong><br><a href=\"https:\/\/www.globalscreen.de\/mm\/en\/content\/103303\" target=\"_blank\" rel=\"noopener\">WAR DIARY<\/a><br>Mark Wiese, Dokumentarfilm, D 2016\/2017, 105&#8242;, Ifage Filmproduktion, WDR\/Arte<\/p>\n\n\n\n<p><strong>\/ Tongestaltung (5.1)<\/strong><br><a href=\"https:\/\/www.wfilm.de\/jetzt-nicht\/\" target=\"_blank\" rel=\"noopener\">JETZT. NICHT.<\/a><br>cJulia Keller, Spielfilm, D 2017, 88&#8242;, Heimatfilm K\u00f6ln, WDR<\/p>\n\n\n\n<p><em>38. Wettbewerb Max Oph\u00fcls Preis<\/em><br><em>Filmfestival Cologne 2017<\/em><\/p>\n\n\n\n<p><strong>\/ Tongestaltung (5.1)<\/strong><br><strong>\/ zus\u00e4tzliche Tonaufnahmen am Set (5.0 Atmo\/Ambiance)<\/strong><br><a href=\"https:\/\/www.celineberger.com\/projects\/ballade\" target=\"_blank\" rel=\"noopener\">BALLADE<\/a><br>C\u00e9line Berger, Experimentalfilm, D 2016, 23&#8242;, C. Berger<\/p>\n\n\n\n<p><strong>\/ Tongestaltung (5.1)<\/strong><br><a href=\"https:\/\/www.khm.de\/studentische_arbeiten\/id.28276.waffen\/\" target=\"_blank\" rel=\"noopener\">WAFFEN<\/a><b><br><\/b>Arne Strackholder, Dokumentarfilm, D 2016, 67&#8242;, KHM K\u00f6ln<\/p>\n\n\n\n<p><em>50. Internationale Hofer Filmtage<\/em><br><em>33. Kasseler Dokfest<br><a href=\"https:\/\/www.visionsdureel.ch\/de\/media-film\/guns\" target=\"_blank\" rel=\"noopener\">Vision du Reel, Festival International de Cin\u00e9ma Nyon, 2017<\/a><\/em><\/p>\n\n\n\n<p><strong>\/ Tongestaltung (5.1)<\/strong><br><strong>\/ Aufnahme &amp; Arrangement von Filmmusik<\/strong><br><strong>\/ zus\u00e4tzliche Tonaufnahmen am Set (5.0 Atmo\/Ambiance)<\/strong><br><a href=\"http:\/\/www.cupolafilm.de\/\" target=\"_blank\" rel=\"noopener\">LA CUPOLA<\/a><b><br><\/b>Volker Sattel, Dokumentarfilm\/ Filmessay, D 2016, 40&#8242;, V. Sattel<\/p>\n\n\n\n<p><a href=\"https:\/\/vimeo.com\/184925468\/313a026f6c\" target=\"_blank\" rel=\"noopener\">\u2192 Trailer<\/a><\/p>\n\n\n\n<p><em>u.a.<br>64. Berlinale, Forum Expanded<\/em><br><em>4. Arquiteturas Film Festival Lisboa, **Best International Film Award**<br>17. Architekturfilmtage, M\u00fcnchen<br>40. Duisburger Filmwoche, Duisburg<br>56. Viennale, Vienna<br>11. Underdox, Mu\u0308nchen<br>17. VideoEx, Zu\u0308rich<br>62. Kurzfilmtage, Oberhausen<br>18. Bafici, Festival Internacional de Cine Independiente, Buenos Aires<br><\/em><\/p>\n\n\n\n<p><strong>\/ Tongestaltung (5.1)<\/strong><br><a href=\"http:\/\/www.heinzenziob.de\/zu-ihrer-eigenen-sicherheit\/\" target=\"_blank\" rel=\"noopener\">ZU IHRER EIGENEN SICHERHEIT<\/a><b><br><\/b>Florian Heinzen-Ziob, Spielfilm, D 2016, 15&#8242;, Polyphem Filmproduktion<\/p>\n\n\n\n<p><a href=\"https:\/\/vimeo.com\/158931994\" target=\"_blank\" rel=\"noopener\">\u2192 Trailer<\/a><\/p>\n\n\n\n<p><em>u.a.<br>Tribeca Filmfestival, NYC 2016<\/em><br><em>20. International Film Festival Zoom-Zblizenia, Poland, **Best Feature Film\u201c**<br>8. Artfools Video Filmfestival, Greece, **Second award for the best int.l short film**<br>Best Fiction Film Festival, USA, **Best Mini Fiction Film**<br>Skepto International Film Festival, Italy, **Special Mention from the official jury**<br>Tangier Film Festival, Morocco, **Special Jury Prize**<br>North Carolina Film Award, USA , **Director\u2018s Award**<\/em><\/p>\n\n\n\n<p><strong>\/ Tonbearbeitung und Restauration diverser Sprachaufnahmen von Thomas Kling<\/strong><br><a href=\"https:\/\/lilienfeld-verlag.de\/buecher\/thomas-kling-die-gebrannte-performance\/\" target=\"_blank\" rel=\"noopener\">THOMAS KLING \u2013 DIE GEBRANNTE PERFORMANCE<\/a><b><br><\/b>Ein H\u00f6rbuch, herausgegeben von Ulrike Janssen und Norbert Wehr, D 2015<\/p>\n\n\n\n<p><a href=\"http:\/\/lilienfeld-verlag.de\/start\/wp-content\/uploads\/2014\/12\/Thomas-Kling_geschrebertes-idyll.mp3\" target=\"_blank\" rel=\"noopener\">\u2192 H\u00f6rprobe<\/a><\/p>\n\n\n\n<p><em>**H\u00f6rbuch des Jahres 2015 der HR2-H\u00f6rbuch-Bestenliste**<br><\/em><em>**Jahrespreis der deutschen Schallplattenkritik 2015*<\/em><\/p>\n\n\n\n<p><strong>\/ Tongestaltung (5.1)<\/strong><br><a href=\"https:\/\/www.germanfilmsquarterly.de\/doc1_15_8.html\" target=\"_blank\" rel=\"noopener\">FREIR\u00c4UME<\/a><b><br><\/b>Filippa Bauer, Dokumentarfilm, D 2015, 63&#8242;, Kunsthochschule f\u00fcr Medien K\u00f6ln<\/p>\n\n\n\n<p><em>65. Berlinale, Perspektive Deutsches Kino<\/em><\/p>\n\n\n\n<p><strong>\/ Tongestaltung (O-Ton Schnitt &amp; Bearbeitung) (5.1)<\/strong><br><a href=\"https:\/\/www.loekenfranke.de\/?p=18\" target=\"_blank\" rel=\"noopener\">G\u00d6TTLICHE LAGE<\/a><b><br><\/b>Ulrike Franke &amp; Michael L\u00f6ken, Dokumentarfilm, D 2014, 100&#8242;, filmproduktion loekenfranke<\/p>\n\n\n\n<p><em>Grimme Preis 2016<\/em><\/p>\n\n\n\n<p><strong>\/ Tongestaltung (5.1)<\/strong><br><a href=\"http:\/\/home-of-films.com\/festival-film\/die-innere-zone\/?_sfm_festival_jahr=2013+2013\" target=\"_blank\" rel=\"noopener\">DIE INNERE ZONE<\/a><b><br><\/b>Fosco Dubini, Spielfilm, D\/CH 2013, 93&#8242;, Tre Valli<\/p>\n\n\n\n<p><em>47. Internationale Hofer Filmtage<\/em><\/p>\n\n\n\n<p><strong>\/ Tongestaltung (5.1)<\/strong><br><strong>\/ Einspielung von Filmmusik (akustische &amp; slide Gitarre)<\/strong><br><a href=\"https:\/\/www.dschointventschr.ch\/de\/movies\/shorts\/palim-palim\" target=\"_blank\" rel=\"noopener\">PALIM PALIM<\/a><b><br><\/b>Marina Klauser &amp; Pia Hellenthal, Spielfilm, CH\/D 2013, 23&#8242;, Dschoint Ventschr<\/p>\n\n\n\n<p><em>zahlreiche Einladungen zu internationalen Festivals<\/em><br><em>Neuch\u00e2tel International Fantastic Filmfestival 2013, **2 x Bester Schweizer Kurzfilm** <\/em><\/p>\n\n\n\n<p><strong>\/ Tongestaltung (5.1)<\/strong><br><a href=\"https:\/\/www.khm.de\/studentische_arbeiten\/id.18391.2000m--mit-garten\/\" target=\"_blank\" rel=\"noopener\">2000 m\u00b2 MIT GARTEN<\/a><b><br><\/b>Tama Tobias-Macht, Dokumentarfilm, D 2012, 42&#8242;, KHM K\u00f6ln<\/p>\n\n\n\n<p><em>36. Duisburger Filmwoche<\/em><\/p>\n\n\n\n<p><strong>\/ Tongestaltung (5.1)<\/strong><br><a href=\"https:\/\/www.khm.de\/studentische_arbeiten\/id.18856.weisse-nacht\/\" target=\"_blank\" rel=\"noopener\">WEISSE NACHT<\/a><b><br><\/b>Sabrina Sarabi, Spielfilm, D 2012, 21&#8242;, Kunsthochschule f\u00fcr Medien K\u00f6ln<\/p>\n\n\n\n<p><a href=\"https:\/\/vimeo.com\/95747986\" target=\"_blank\" rel=\"noopener\">\u2192 Trailer<\/a><\/p>\n\n\n\n<p><em>u.a.<br>54th International Short Film Festival Brno, Czechia, 2013, **<\/em>Director of Brno Tourist Information Centre Award<em>**<br>Worldfest 47th Houston International Film Festival, 2014 (Official Selection, USA), **<\/em>Gold Remi Award\u201c (Graduate Level Student Productions)**<\/p>\n\n\n\n<p><strong>\/ Tongestaltung (5.1)<\/strong><br><a href=\"http:\/\/paulbachmann.com\/unter-den-haenden\" target=\"_blank\" rel=\"noopener\">UNTER DEN HAENDEN<\/a><br>Paul Bachmann, Spielfilm, D 2011, 25&#8242;, KHM, Tag\/Traum, BR<\/p>\n\n\n\n<p><em>45. Internationale Hofer Filmtage<br><span style=\"font-size: medium;\">Studio Hamburg Nachwuchspreis 2012<\/span><\/em><\/p>\n\n\n\n<p><strong>\/ Tongestaltung (2.0)<\/strong><br><a href=\"http:\/\/www.janismazuch.com\/tids\/\" target=\"_blank\" rel=\"noopener\">TAGE IN DER STADT<\/a><br>Janis Mazuch, Spielfilm, D 2011, 25&#8242;, blowball film &amp; KHM K\u00f6ln<\/p>\n\n\n\n<p><em>62. Berlinale, Perspektive Deutsches Kino<\/em><\/p>\n\n\n\n<p><strong>\/ Tongestaltung (5.1)<\/strong><br><a href=\"https:\/\/www.kinofenster.de\/filme\/filme-des-monats\/33410\/unter-kontrolle\" target=\"_blank\" rel=\"noopener\">UNTER KONTROLLE<\/a><b><br><\/b>Volker Sattel, Dokumentarfilm, D 2010, 98&#8242;, credofilm<\/p>\n\n\n\n<p><em><span style=\"font-size: medium;\">61. Berlinale, Forum<br><\/span>zahlreiche Einladungen zu internationalen Festivals &amp; Screenings<\/em><br><em>zahlreiche internationale Preise<\/em><\/p>\n\n\n\n<p><strong>\/ Tongestaltung (2.0)<\/strong><br>LEGENDEN<b><br><\/b>Ang\u00e9lique Dubois, Experimentalfilm, D 2009, 29&#8242;, KHM K\u00f6ln<br>\/ Musik<\/p>\n\n\n\n<p><em>56. Kurzfilmtagen Oberhausen, **2. Preis des NRW-Wettbewerbs**<\/em><\/p>\n\n\n\n<p><strong>\/ Tongestaltung (2.0)<\/strong><br><a href=\"https:\/\/cargocollective.com\/stefaniegaus\/Laufhaus-Cathouse\" target=\"_blank\" rel=\"noopener\">LAUFHAUS<\/a><br>Stefanie Gaus, Dokumentarfilm, D 2006, 28&#8242;, Kunsthochschule f\u00fcr Medien K\u00f6ln<\/p>\n\n\n\n<p><em>53. Kurzfilmtage Oberhausen<\/em><\/p>\n\n\n\n<p><strong>\/ Tongestaltung (2.0)<\/strong><br><a href=\"http:\/\/www.husain.de\/portfolio2\/swivel.html\" target=\"_blank\" rel=\"noopener\">SWIVEL<\/a><br>Oliver Husain, Experimentalfilm, D 2005, 15&#8242;, O. Husain<\/p>\n\n\n\n<p><strong>\/ Tongestaltung (2.0)<\/strong><br><strong>\/ Musik<\/strong><br><a href=\"http:\/\/www.unternehmenparadies.de\/\" target=\"_blank\" rel=\"noopener\">UNTERNEHMEN PARADIES<\/a><b><br><\/b>Volker Sattel, Dokumentarfilm, D 2002, 60&#8242;, V. Sattel<\/p>\n\n\n\n<p><em>53. Berlinale, Perspektive Deutsches Kino<br>transmediale.03<\/em><br><em>zahlreiche Einladungen zu internationalen Festivals &amp; Screenings<\/em><\/p>\n","protected":false},"excerpt":{"rendered":"<p>\/ Tongestaltung &amp; Mischung (5.1)DIE STATIK DER TR\u00c4UMEFilippa Bauer, Dokumentarfilm, D 2023, 87&#8242;, Blinker Filmproduktion\/ ZDF\/ Arte Hofer Filmtage 2024Stranger Than Fiction 2025 \/ Tongestaltung &amp; Mischung (2.0)2052 \u2013 NACHRICHTEN AUS DER ZUKUNFTErica von Moeller, Spielfilm, D 2023, 40&#8242;, Von Moeller Filmproduktion \/ Tongestaltung &amp; Mischung (5.1)SILENT IN THE SNOWStephan Ganoff, Spielfilm, BUL 2023, 24&#8242;, [&hellip;]<\/p>\n","protected":false},"author":1,"featured_media":0,"parent":0,"menu_order":0,"comment_status":"closed","ping_status":"open","template":"","meta":[],"_links":{"self":[{"href":"https:\/\/www.tim-elzer.de\/index.php?rest_route=\/wp\/v2\/pages\/2"}],"collection":[{"href":"https:\/\/www.tim-elzer.de\/index.php?rest_route=\/wp\/v2\/pages"}],"about":[{"href":"https:\/\/www.tim-elzer.de\/index.php?rest_route=\/wp\/v2\/types\/page"}],"author":[{"embeddable":true,"href":"https:\/\/www.tim-elzer.de\/index.php?rest_route=\/wp\/v2\/users\/1"}],"replies":[{"embeddable":true,"href":"https:\/\/www.tim-elzer.de\/index.php?rest_route=%2Fwp%2Fv2%2Fcomments&post=2"}],"version-history":[{"count":25,"href":"https:\/\/www.tim-elzer.de\/index.php?rest_route=\/wp\/v2\/pages\/2\/revisions"}],"predecessor-version":[{"id":101,"href":"https:\/\/www.tim-elzer.de\/index.php?rest_route=\/wp\/v2\/pages\/2\/revisions\/101"}],"wp:attachment":[{"href":"https:\/\/www.tim-elzer.de\/index.php?rest_route=%2Fwp%2Fv2%2Fmedia&parent=2"}],"curies":[{"name":"wp","href":"https:\/\/api.w.org\/{rel}","templated":true}]}}